{"id":4293,"date":"2023-06-08T12:25:17","date_gmt":"2023-06-08T10:25:17","guid":{"rendered":"https:\/\/anthonyhughesmedia.com\/?page_id=4293"},"modified":"2024-02-18T18:01:54","modified_gmt":"2024-02-18T17:01:54","slug":"ahbio","status":"publish","type":"page","link":"https:\/\/anthonyhughesmedia.com\/de\/ahbio\/","title":{"rendered":"Anthony Hughes"},"content":{"rendered":"<div data-elementor-type=\"wp-page\" data-elementor-id=\"4293\" class=\"elementor elementor-4293\" data-elementor-post-type=\"page\">\n\t\t\t\t\t\t<section class=\"elementor-section elementor-top-section elementor-element elementor-element-366a202c elementor-section-boxed elementor-section-height-default elementor-section-height-default\" data-id=\"366a202c\" data-element_type=\"section\" data-e-type=\"section\">\n\t\t\t\t\t\t<div class=\"elementor-container elementor-column-gap-default\">\n\t\t\t\t\t<div class=\"elementor-column elementor-col-50 elementor-top-column elementor-element elementor-element-30f1bd97\" data-id=\"30f1bd97\" data-element_type=\"column\" data-e-type=\"column\">\n\t\t\t<div class=\"elementor-widget-wrap elementor-element-populated\">\n\t\t\t\t<div class=\"elementor-element elementor-element-341a71a e-flex e-con-boxed e-con e-parent\" data-id=\"341a71a\" data-element_type=\"container\" data-e-type=\"container\">\n\t\t\t\t\t<div class=\"e-con-inner\">\n\t\t\t\t<div class=\"elementor-element elementor-element-79a37d2 elementor-widget elementor-widget-heading\" data-id=\"79a37d2\" data-element_type=\"widget\" data-e-type=\"widget\" data-widget_type=\"heading.default\">\n\t\t\t\t<div class=\"elementor-widget-container\">\n\t\t\t\t\t<h2 class=\"elementor-heading-title elementor-size-default\">Anthony Hughes M.Litt., Cert TESOL<\/h2>\t\t\t\t<\/div>\n\t\t\t\t<\/div>\n\t\t\t\t<div class=\"elementor-element elementor-element-d36496c elementor-widget elementor-widget-text-editor\" data-id=\"d36496c\" data-element_type=\"widget\" data-e-type=\"widget\" data-widget_type=\"text-editor.default\">\n\t\t\t\t<div class=\"elementor-widget-container\">\n\t\t\t\t\t\t\t\t\t<h3 class=\"wp-block-heading\"><span style=\"font-size: 16px; color: #4a4a4a; letter-spacing: 0.2px;\">Based in Europe, I work on select consultancy projects with NGOs, publishing and educational organisations developing global e-learning delivery strategies and refining organisational digital media development, design and implementation<\/span>.<\/h3>\n<p><!-- \/wp:paragraph --><\/p>\n<p><!-- wp:paragraph --><\/p>\n<h2 class=\"wp-block-heading\">Hintergrund<\/h2>\n<p><!-- \/wp:heading --><!-- wp:paragraph --><\/p>\n<p>Over thirty years experience in the fields of international education, instructional design, digital media and online learning development.<\/p>\n<p><!-- \/wp:paragraph --><!-- wp:paragraph --><\/p>\n<p>Leitender Berater in Europa f\u00fcr die\u00a0<strong>International Development Program of Australian Universities and Colleges<\/strong>\u00a0und im Namen von\u00a0<strong>Austrade<\/strong>\u00a0(Die australische Handelskommission) und das IDP. Durchf\u00fchrung von Seminaren \u00fcber das australische Bildungssystem an Universit\u00e4ten in Europa und Beratungsdienste f\u00fcr private und \u00f6ffentliche australische Bildungseinrichtungen im Bereich digitale Medien.<\/p>\n<p><!-- \/wp:paragraph --><!-- wp:paragraph --><\/p>\n<p><strong>Gastdozentin\u00a0<\/strong>in englischer Sprache und australischer Literatur und Kultur am INSEARCH Language Centre,\u00a0<strong>University of Technology<\/strong>, Sydney, Australia.<\/p>\n<p><!-- \/wp:paragraph --><!-- wp:paragraph --><\/p>\n<p>Direktor der\u00a0<strong>Mondolingua<\/strong>, die internationale Bildungskonferenz und -messe in Genf von 1993 bis 1995.<\/p>\n<p><!-- \/wp:paragraph --><!-- wp:paragraph --><\/p>\n<p><strong>Head of Research and Development<\/strong> for\u00a0 multimedia based English language courses for Swiss and European television and radio as well as audio courses for the\u00a0<strong>Institut Victor Ebner<\/strong>\u00a0in Genf, Schweiz.<\/p>\n<p><!-- \/wp:paragraph --><!-- wp:paragraph --><\/p>\n<p>Mitbegr\u00fcnder von\u00a0<strong>The Digital Education Network Ltd<\/strong>\u00a0und gr\u00fcndete eines der fr\u00fchesten und erfolgreichsten internationalen Bildungsportale im Internet, EduFind.<\/p>\n<p>\u00a0<\/p>\n<p><!-- \/wp:paragraph --><!-- wp:paragraph --><\/p>\n<figure id=\"attachment_4308\" aria-describedby=\"caption-attachment-4308\" style=\"width: 650px\" class=\"wp-caption aligncenter\"><img fetchpriority=\"high\" decoding=\"async\" class=\"wp-image-4308 size-full\" src=\"https:\/\/anthonyhughesmedia.com\/wp-content\/uploads\/2023\/06\/kerala1_pcf6.jpg\" alt=\"\" width=\"650\" height=\"365\" srcset=\"https:\/\/anthonyhughesmedia.com\/wp-content\/uploads\/2023\/06\/kerala1_pcf6.jpg 650w, https:\/\/anthonyhughesmedia.com\/wp-content\/uploads\/2023\/06\/kerala1_pcf6-300x168.jpg 300w, https:\/\/anthonyhughesmedia.com\/wp-content\/uploads\/2023\/06\/kerala1_pcf6-150x84.jpg 150w\" sizes=\"(max-width: 650px) 100vw, 650px\" \/><figcaption id=\"caption-attachment-4308\" class=\"wp-caption-text\">Speaking at the 6th Pan-Asian Conference on Online Learning, Kerala, India<\/figcaption><\/figure>\n<p>\u00a0<\/p>\n<p>Berater f\u00fcr digitale Medien bei der\u00a0<strong>ASEAN Focus Group<\/strong>ein Beratungsnetz f\u00fchrender Spezialisten in verschiedenen Bereichen, die Regierungs- und Bildungsorganisationen im asiatisch-pazifischen Raum beraten.<\/p>\n<p>Redner auf internationalen Konferenzen. Zu den Engagements geh\u00f6ren die\u00a0<strong>Pan-Commonwealth Conference on Distance and Open Learning<\/strong>\u00a0(Kerala, India), The\u00a0<strong>Global Asia Conference on Online Learning<\/strong>, The regional\u00a0<strong>Board Meeting for the IAA (Delhi, India)<\/strong>\u00a0als Gastredner und die\u00a0<strong>Regional Training Workshop<\/strong>\u00a0(Korea).<\/p>\n<p><!-- \/wp:paragraph --><!-- wp:paragraph --><\/p>\n<p>Konzeption und Durchf\u00fchrung von Programmen zur Entwicklung digitaler und sozialer Medien, Kommunikation und interkulturellem Training f\u00fcr Kunden in Deutschland, den USA, Schottland und England.<\/p>\n<p><!-- \/wp:paragraph --><!-- wp:paragraph --><\/p>\n<p>Arbeitete an gro\u00df angelegten digitalen Medienprojekten f\u00fcr soziale Gerechtigkeit, E-Learning und die Entwicklung globaler Lerngemeinschaften.<\/p>\n<p><!-- \/wp:paragraph --><!-- wp:paragraph --><\/p>\n<p>CEO of praxMatrix Digital Publishing Ltd. 2004-2023.<\/p>\n<p><!-- \/wp:paragraph --><!-- wp:paragraph --><\/p>\n<p>Wenn Sie ein Projekt mit mir besprechen m\u00f6chten, kontaktieren Sie mich bitte \u00fcber die\u00a0<a href=\"http:\/\/anthonyhughesmedia.com\/de\/contact\/\"><strong>Kontakt-Formular<\/strong><\/a>.<\/p>\t\t\t\t\t\t\t\t<\/div>\n\t\t\t\t<\/div>\n\t\t\t\t<div class=\"elementor-element elementor-element-761526f elementor-widget elementor-widget-image\" data-id=\"761526f\" data-element_type=\"widget\" data-e-type=\"widget\" data-widget_type=\"image.default\">\n\t\t\t\t<div class=\"elementor-widget-container\">\n\t\t\t\t\t\t\t\t\t\t\t\t<figure class=\"wp-caption\">\n\t\t\t\t\t\t\t\t\t\t<img decoding=\"async\" src=\"https:\/\/anthonyhughesmedia.com\/wp-content\/uploads\/elementor\/thumbs\/Tony-Hughes-Certificate-Presentation-681x1024-1-qsms5gwwl89imz81oekt9b0rv5lxlk6z2v31w37lh6.jpg\" title=\"Tony-Hughes-Certificate-Presentation-681&#215;1024\" alt=\"Tony-Hughes-Certificate-Presentation-681x1024\" loading=\"lazy\" \/>\t\t\t\t\t\t\t\t\t\t\t<figcaption class=\"widget-image-caption wp-caption-text\">Being presented as Gold Friend of the Duke of Edinburgh's International Award for Young People, for consultancy, design and development of their global e-learning platform by HRH, The Duke of Edinburgh. <\/figcaption>\n\t\t\t\t\t\t\t\t\t\t<\/figure>\n\t\t\t\t\t\t\t\t\t<\/div>\n\t\t\t\t<\/div>\n\t\t\t\t\t<\/div>\n\t\t\t\t<\/div>\n\t\t\t\t\t<\/div>\n\t\t<\/div>\n\t\t\t\t<div class=\"elementor-column elementor-col-50 elementor-top-column elementor-element elementor-element-4e1d9a3\" data-id=\"4e1d9a3\" data-element_type=\"column\" data-e-type=\"column\">\n\t\t\t<div class=\"elementor-widget-wrap elementor-element-populated\">\n\t\t\t\t\t\t<div class=\"elementor-element elementor-element-30bbc00 elementor-widget elementor-widget-image\" data-id=\"30bbc00\" data-element_type=\"widget\" data-e-type=\"widget\" data-widget_type=\"image.default\">\n\t\t\t\t<div class=\"elementor-widget-container\">\n\t\t\t\t\t\t\t\t\t\t\t\t\t\t\t<img decoding=\"async\" width=\"300\" height=\"400\" src=\"https:\/\/anthonyhughesmedia.com\/wp-content\/uploads\/2023\/06\/akh.jpg\" class=\"attachment-large size-large wp-image-4296\" alt=\"\" srcset=\"https:\/\/anthonyhughesmedia.com\/wp-content\/uploads\/2023\/06\/akh.jpg 300w, https:\/\/anthonyhughesmedia.com\/wp-content\/uploads\/2023\/06\/akh-225x300.jpg 225w, https:\/\/anthonyhughesmedia.com\/wp-content\/uploads\/2023\/06\/akh-113x150.jpg 113w\" sizes=\"(max-width: 300px) 100vw, 300px\" \/>\t\t\t\t\t\t\t\t\t\t\t\t\t\t\t<\/div>\n\t\t\t\t<\/div>\n\t\t\t\t\t<\/div>\n\t\t<\/div>\n\t\t\t\t\t<\/div>\n\t\t<\/section>\n\t\t<div class=\"elementor-element elementor-element-c466f55 e-flex e-con-boxed e-con e-parent\" data-id=\"c466f55\" data-element_type=\"container\" data-e-type=\"container\">\n\t\t\t\t\t<div class=\"e-con-inner\">\n\t\t\t\t<div class=\"elementor-element elementor-element-0db8612 elementor-widget elementor-widget-text-editor\" data-id=\"0db8612\" data-element_type=\"widget\" data-e-type=\"widget\" data-widget_type=\"text-editor.default\">\n\t\t\t\t<div class=\"elementor-widget-container\">\n\t\t\t\t\t\t\t\t\t<h3>Timeline<\/h3>\n<ul>\n<li>1986 &#8211; 1992:\u00a0<strong>Responsable P\u00e9dagogique de Recherche et de Cr\u00e9ation, Institut Victor Ebner<\/strong>, Geneva, Switzerland<\/li>\n<li>1989 -1991:\u00a0<strong>Lead Consultant<\/strong>, Europe, International Development Programme for Australian Universities and Colleges<\/li>\n<li>1990-1991:\u00a0<strong>Gastdozentin<\/strong>,\u00a0<strong>INSEARCH Language Centre, University of Technology<\/strong>, Sydney, Australia.<\/li>\n<li>1990-1993:\u00a0<strong>European Consultant, INSEARCH Language Centre, University of Technology<\/strong>, Sydney, Australia.<\/li>\n<li>1994-1995:\u00a0<strong>Director, MONDOLINGUA,<\/strong>\u00a0International Education Exhibition, Geneva, Switzerland<\/li>\n<li>1992-2004:\u00a0<strong>Co-founder and CTO<\/strong>, Digital Education Network Ltd., United Kingdom<\/li>\n<li>2000-2002:\u00a0<strong>Lead Consultant, SEC Communications<\/strong>, Scotland<\/li>\n<li>2011-2012:\u00a0<strong>Digital Media Consultant, ASEAN Focus Group<\/strong><\/li>\n<li>2004-2023:\u00a0<strong>CEO, praxMatrix Digital Publishing Ltd.<\/strong><\/li>\n<li>2023:\u00a0<strong>retired<\/strong>, taking on selected consultancy projects and clients through Anthony Hughes Media<\/li>\n<\/ul>\n<p><strong>Other<\/strong><\/p>\n<p>2000-2023:\u00a0<a href=\"https:\/\/english4today.com\/\" target=\"_blank\" rel=\"noopener\"><strong>English4Today<\/strong><\/a>: wrote and developed the award winning\u00a0<a href=\"https:\/\/english4today.com\/english-grammar-online-with-quizzes\/\" target=\"_blank\" rel=\"noopener\"><strong>Online English Grammar<\/strong><\/a>\u00a0and the\u00a0<a href=\"https:\/\/english4today.com\/\" target=\"_blank\" rel=\"noopener\"><strong>English4Today website<\/strong><\/a>. E4T has provided English language lessons and materials to over 750,000 students in 140 countries since it was initiated.<\/p>\t\t\t\t\t\t\t\t<\/div>\n\t\t\t\t<\/div>\n\t\t\t\t\t<\/div>\n\t\t\t\t<\/div>\n\t\t\t\t<\/div>","protected":false},"excerpt":{"rendered":"<p>Anthony Hughes M.Litt., Cert TESOL Based in Europe, I work on select consultancy projects with NGOs, publishing and educational organisations developing global e-learning delivery strategies and refining organisational digital media development, design and implementation. Background Over thirty years experience in the fields of international education, instructional design, digital media and online learning development. Lead consultant [&hellip;]<\/p>\n","protected":false},"author":22,"featured_media":0,"parent":0,"menu_order":0,"comment_status":"closed","ping_status":"closed","template":"","meta":{"ocean_post_layout":"","ocean_both_sidebars_style":"","ocean_both_sidebars_content_width":0,"ocean_both_sidebars_sidebars_width":0,"ocean_sidebar":"0","ocean_second_sidebar":"0","ocean_disable_margins":"enable","ocean_add_body_class":"","ocean_shortcode_before_top_bar":"","ocean_shortcode_after_top_bar":"","ocean_shortcode_before_header":"","ocean_shortcode_after_header":"","ocean_has_shortcode":"","ocean_shortcode_after_title":"","ocean_shortcode_before_footer_widgets":"","ocean_shortcode_after_footer_widgets":"","ocean_shortcode_before_footer_bottom":"","ocean_shortcode_after_footer_bottom":"","ocean_display_top_bar":"default","ocean_display_header":"default","ocean_header_style":"","ocean_center_header_left_menu":"0","ocean_custom_header_template":"0","ocean_custom_logo":0,"ocean_custom_retina_logo":0,"ocean_custom_logo_max_width":0,"ocean_custom_logo_tablet_max_width":0,"ocean_custom_logo_mobile_max_width":0,"ocean_custom_logo_max_height":0,"ocean_custom_logo_tablet_max_height":0,"ocean_custom_logo_mobile_max_height":0,"ocean_header_custom_menu":"0","ocean_menu_typo_font_family":"0","ocean_menu_typo_font_subset":"","ocean_menu_typo_font_size":0,"ocean_menu_typo_font_size_tablet":0,"ocean_menu_typo_font_size_mobile":0,"ocean_menu_typo_font_size_unit":"px","ocean_menu_typo_font_weight":"","ocean_menu_typo_font_weight_tablet":"","ocean_menu_typo_font_weight_mobile":"","ocean_menu_typo_transform":"","ocean_menu_typo_transform_tablet":"","ocean_menu_typo_transform_mobile":"","ocean_menu_typo_line_height":0,"ocean_menu_typo_line_height_tablet":0,"ocean_menu_typo_line_height_mobile":0,"ocean_menu_typo_line_height_unit":"","ocean_menu_typo_spacing":0,"ocean_menu_typo_spacing_tablet":0,"ocean_menu_typo_spacing_mobile":0,"ocean_menu_typo_spacing_unit":"","ocean_menu_link_color":"","ocean_menu_link_color_hover":"","ocean_menu_link_color_active":"","ocean_menu_link_background":"","ocean_menu_link_hover_background":"","ocean_menu_link_active_background":"","ocean_menu_social_links_bg":"","ocean_menu_social_hover_links_bg":"","ocean_menu_social_links_color":"","ocean_menu_social_hover_links_color":"","ocean_disable_title":"default","ocean_disable_heading":"default","ocean_post_title":"Anthony Hughes","ocean_post_subheading":"Background and experience","ocean_post_title_style":"background-image","ocean_post_title_background_color":"","ocean_post_title_background":2565,"ocean_post_title_bg_image_position":"center center","ocean_post_title_bg_image_attachment":"","ocean_post_title_bg_image_repeat":"no-repeat","ocean_post_title_bg_image_size":"","ocean_post_title_height":400,"ocean_post_title_bg_overlay":0.5,"ocean_post_title_bg_overlay_color":"#607d8b","ocean_disable_breadcrumbs":"default","ocean_breadcrumbs_color":"","ocean_breadcrumbs_separator_color":"","ocean_breadcrumbs_links_color":"","ocean_breadcrumbs_links_hover_color":"","ocean_display_footer_widgets":"default","ocean_display_footer_bottom":"default","ocean_custom_footer_template":"0","omw_enable_modal_window":"enable","osh_disable_topbar_sticky":"default","osh_disable_header_sticky":"default","osh_sticky_header_style":"default","osh_sticky_header_effect":"","osh_custom_sticky_logo":0,"osh_custom_retina_sticky_logo":0,"osh_custom_sticky_logo_height":0,"osh_background_color":"","osh_links_color":"","osh_links_hover_color":"","osh_links_active_color":"","osh_links_bg_color":"","osh_links_hover_bg_color":"","osh_links_active_bg_color":"","osh_menu_social_links_color":"","osh_menu_social_hover_links_color":"","footnotes":""},"class_list":["post-4293","page","type-page","status-publish","hentry","entry"],"jetpack_sharing_enabled":true,"_links":{"self":[{"href":"https:\/\/anthonyhughesmedia.com\/de\/wp-json\/wp\/v2\/pages\/4293","targetHints":{"allow":["GET"]}}],"collection":[{"href":"https:\/\/anthonyhughesmedia.com\/de\/wp-json\/wp\/v2\/pages"}],"about":[{"href":"https:\/\/anthonyhughesmedia.com\/de\/wp-json\/wp\/v2\/types\/page"}],"author":[{"embeddable":true,"href":"https:\/\/anthonyhughesmedia.com\/de\/wp-json\/wp\/v2\/users\/22"}],"replies":[{"embeddable":true,"href":"https:\/\/anthonyhughesmedia.com\/de\/wp-json\/wp\/v2\/comments?post=4293"}],"version-history":[{"count":0,"href":"https:\/\/anthonyhughesmedia.com\/de\/wp-json\/wp\/v2\/pages\/4293\/revisions"}],"wp:attachment":[{"href":"https:\/\/anthonyhughesmedia.com\/de\/wp-json\/wp\/v2\/media?parent=4293"}],"curies":[{"name":"wp","href":"https:\/\/api.w.org\/{rel}","templated":true}]}}